{"id":259,"date":"2026-01-02T05:47:11","date_gmt":"2026-01-02T05:47:11","guid":{"rendered":"https:\/\/jogointerno.ilumina.world\/?post_type=product&#038;p=259"},"modified":"2026-02-24T07:13:41","modified_gmt":"2026-02-24T10:13:41","slug":"a-travessia-pack-de-8-sessoes","status":"publish","type":"product","link":"https:\/\/jogointerno.ilumina.world\/es\/producto\/a-travessia-pack-de-8-sessoes\/","title":{"rendered":"Programa de Transformaci\u00f3n Profunda (8 semanas)"},"content":{"rendered":"<p><strong data-start=\"172\" data-end=\"185\">Travessia<\/strong> \u00e9 um convite \u00e0 transforma\u00e7\u00e3o consciente. Um espa\u00e7o de encontro profundo onde atravessas medos, dissolves padr\u00f5es e recuperas clareza interior. Atrav\u00e9s de pr\u00e1ticas guiadas, presen\u00e7a e verdade, reconectas-te com a tua ess\u00eancia e aprendes a viver com mais sentido, autonomia e alinhamento. N\u00e3o \u00e9 fuga, \u00e9 retorno. Um caminho vivo para quem escolhe crescer, integrar e habitar a pr\u00f3pria verdade com coragem, consci\u00eancia e entrega.<\/p>","protected":false},"excerpt":{"rendered":"<p><strong data-start=\"649\" data-end=\"662\">Travessia<\/strong> \u00e9 um caminho de retorno a ti. Um espa\u00e7o de presen\u00e7a, clareza e transforma\u00e7\u00e3o onde atravessas padr\u00f5es, reconectas-te \u00e0 tua verdade e aprendes a viver com mais consci\u00eancia, autonomia e sentido, coragem, profundidade e prop\u00f3sito interior.<\/p>","protected":false},"featured_media":140,"comment_status":"open","ping_status":"closed","template":"","meta":[],"product_brand":[],"product_cat":[21],"product_tag":[],"class_list":{"0":"post-259","1":"product","2":"type-product","3":"status-publish","4":"has-post-thumbnail","6":"product_cat-sem-categoria","8":"first","9":"instock","10":"downloadable","11":"virtual","12":"purchasable","13":"product-type-simple"},"_links":{"self":[{"href":"https:\/\/jogointerno.ilumina.world\/es\/wp-json\/wp\/v2\/product\/259","targetHints":{"allow":["GET"]}}],"collection":[{"href":"https:\/\/jogointerno.ilumina.world\/es\/wp-json\/wp\/v2\/product"}],"about":[{"href":"https:\/\/jogointerno.ilumina.world\/es\/wp-json\/wp\/v2\/types\/product"}],"replies":[{"embeddable":true,"href":"https:\/\/jogointerno.ilumina.world\/es\/wp-json\/wp\/v2\/comments?post=259"}],"wp:featuredmedia":[{"embeddable":true,"href":"https:\/\/jogointerno.ilumina.world\/es\/wp-json\/wp\/v2\/media\/140"}],"wp:attachment":[{"href":"https:\/\/jogointerno.ilumina.world\/es\/wp-json\/wp\/v2\/media?parent=259"}],"wp:term":[{"taxonomy":"product_brand","embeddable":true,"href":"https:\/\/jogointerno.ilumina.world\/es\/wp-json\/wp\/v2\/product_brand?post=259"},{"taxonomy":"product_cat","embeddable":true,"href":"https:\/\/jogointerno.ilumina.world\/es\/wp-json\/wp\/v2\/product_cat?post=259"},{"taxonomy":"product_tag","embeddable":true,"href":"https:\/\/jogointerno.ilumina.world\/es\/wp-json\/wp\/v2\/product_tag?post=259"}],"curies":[{"name":"wp","href":"https:\/\/api.w.org\/{rel}","templated":true}]}}